{"id":680,"date":"2024-01-21T22:12:28","date_gmt":"2024-01-21T21:12:28","guid":{"rendered":"http:\/\/51.68.224.3\/wordpress\/?page_id=680"},"modified":"2024-01-25T14:13:47","modified_gmt":"2024-01-25T13:13:47","slug":"cyclistes-brillez","status":"publish","type":"page","link":"https:\/\/www.emeraude-velo.fr\/index.php\/missions\/securite-sante-surete\/cyclistes-brillez\/","title":{"rendered":"Cyclistes brillez !"},"content":{"rendered":"<p>[et_pb_section fb_built=\u00a0\u00bb1&Prime; _builder_version=\u00a0\u00bb4.23.4&Prime; _module_preset=\u00a0\u00bbdefault\u00a0\u00bb global_colors_info=\u00a0\u00bb{}\u00a0\u00bb][et_pb_row _builder_version=\u00a0\u00bb4.23.4&Prime; _module_preset=\u00a0\u00bbdefault\u00a0\u00bb global_colors_info=\u00a0\u00bb{}\u00a0\u00bb][et_pb_column type=\u00a0\u00bb4_4&Prime; _builder_version=\u00a0\u00bb4.23.4&Prime; _module_preset=\u00a0\u00bbdefault\u00a0\u00bb global_colors_info=\u00a0\u00bb{}\u00a0\u00bb][et_pb_heading title=\u00a0\u00bbCyclistes brillez !\u00a0\u00bb _builder_version=\u00a0\u00bb4.23.4&Prime; _module_preset=\u00a0\u00bbdefault\u00a0\u00bb title_font=\u00a0\u00bb||||||||\u00a0\u00bb title_text_color=\u00a0\u00bb#000000&Prime; background_color=\u00a0\u00bb#0DE1E5&Prime; use_background_color_gradient=\u00a0\u00bbon\u00a0\u00bb background_color_gradient_stops=\u00a0\u00bb#2b87da 48%|#29c4a9 71%\u00a0\u00bb background_enable_pattern_style=\u00a0\u00bbon\u00a0\u00bb background_pattern_style=\u00a0\u00bbzig-zag-2&Prime; background_pattern_color=\u00a0\u00bb#FFFFFF\u00a0\u00bb background_enable_mask_style=\u00a0\u00bbon\u00a0\u00bb background_mask_style=\u00a0\u00bbcorner-paint\u00a0\u00bb title_text_shadow_style=\u00a0\u00bbpreset1&Prime; title_text_shadow_blur_strength=\u00a0\u00bb0.12em\u00a0\u00bb title_text_shadow_color=\u00a0\u00bb#b7b7b7&Prime; text_shadow_style=\u00a0\u00bbpreset2&Prime; global_colors_info=\u00a0\u00bb{}\u00a0\u00bb][\/et_pb_heading][et_pb_divider divider_style=\u00a0\u00bbdashed\u00a0\u00bb _builder_version=\u00a0\u00bb4.23.4&Prime; _module_preset=\u00a0\u00bbdefault\u00a0\u00bb global_colors_info=\u00a0\u00bb{}\u00a0\u00bb][\/et_pb_divider][\/et_pb_column][\/et_pb_row][et_pb_row column_structure=\u00a0\u00bb1_4,1_2,1_4&Prime; _builder_version=\u00a0\u00bb4.23.4&Prime; _module_preset=\u00a0\u00bbdefault\u00a0\u00bb global_colors_info=\u00a0\u00bb{}\u00a0\u00bb][et_pb_column type=\u00a0\u00bb1_4&Prime; _builder_version=\u00a0\u00bb4.23.4&Prime; _module_preset=\u00a0\u00bbdefault\u00a0\u00bb global_colors_info=\u00a0\u00bb{}\u00a0\u00bb][et_pb_blurb title=\u00a0\u00bbCyclistes brillez\u00a0\u00bb use_icon=\u00a0\u00bbon\u00a0\u00bb font_icon=\u00a0\u00bb&#x41;||divi||400&Prime; image_icon_background_color=\u00a0\u00bbRGBA(255,255,255,0)\u00a0\u00bb icon_placement=\u00a0\u00bbleft\u00a0\u00bb image_icon_width=\u00a0\u00bb62px\u00a0\u00bb _builder_version=\u00a0\u00bb4.23.4&Prime; _module_preset=\u00a0\u00bbdefault\u00a0\u00bb header_level=\u00a0\u00bbh3&Prime; header_text_color=\u00a0\u00bb#FFFFFF\u00a0\u00bb background_enable_color=\u00a0\u00bboff\u00a0\u00bb image_icon_custom_margin=\u00a0\u00bb-17px|1px|-17px|1px|true|true\u00a0\u00bb transform_rotate=\u00a0\u00bb351deg|352deg|357deg\u00a0\u00bb header_text_shadow_style=\u00a0\u00bbpreset1&Prime; header_text_shadow_horizontal_length=\u00a0\u00bb0.04em\u00a0\u00bb header_text_shadow_vertical_length=\u00a0\u00bb0.12em\u00a0\u00bb header_text_shadow_blur_strength=\u00a0\u00bb0.32em\u00a0\u00bb header_text_shadow_color=\u00a0\u00bb#0e6ff7&Prime; border_radii_image=\u00a0\u00bbon|25px|25px|25px|25px\u00a0\u00bb border_color_all_image=\u00a0\u00bb#8300E9&Prime; text_shadow_style=\u00a0\u00bbpreset2&Prime; text_shadow_horizontal_length=\u00a0\u00bb-0.03em\u00a0\u00bb text_shadow_blur_strength=\u00a0\u00bb0.24em\u00a0\u00bb text_shadow_color=\u00a0\u00bbrgba(12,113,195,0.4)\u00a0\u00bb global_colors_info=\u00a0\u00bb{}\u00a0\u00bb][\/et_pb_blurb][et_pb_image src=\u00a0\u00bbhttps:\/\/www.emeraude-velo.fr\/wp-content\/uploads\/cycliste-brillez-scaled.jpg\u00a0\u00bb title_text=\u00a0\u00bbcycliste brillez\u00a0\u00bb _builder_version=\u00a0\u00bb4.24.0&Prime; _module_preset=\u00a0\u00bbdefault\u00a0\u00bb transform_rotate=\u00a0\u00bb2deg|358deg|357deg\u00a0\u00bb transform_origin=\u00a0\u00bb46%|0%\u00a0\u00bb animation_style=\u00a0\u00bbfade\u00a0\u00bb animation_duration=\u00a0\u00bb750ms\u00a0\u00bb border_radii=\u00a0\u00bbon|25px|25px|25px|25px\u00a0\u00bb border_width_all=\u00a0\u00bb3px\u00a0\u00bb border_color_all=\u00a0\u00bb#0e9cf4&Prime; box_shadow_style=\u00a0\u00bbpreset2&Prime; box_shadow_blur=\u00a0\u00bb26px\u00a0\u00bb box_shadow_spread=\u00a0\u00bb7px\u00a0\u00bb global_colors_info=\u00a0\u00bb{}\u00a0\u00bb][\/et_pb_image][\/et_pb_column][et_pb_column type=\u00a0\u00bb1_2&Prime; _builder_version=\u00a0\u00bb4.23.4&Prime; _module_preset=\u00a0\u00bbdefault\u00a0\u00bb global_colors_info=\u00a0\u00bb{}\u00a0\u00bb][et_pb_text _builder_version=\u00a0\u00bb4.23.4&Prime; _module_preset=\u00a0\u00bbdefault\u00a0\u00bb global_colors_info=\u00a0\u00bb{}\u00a0\u00bb]<\/p>\n<p style=\"text-align: justify;\"><strong>Dinard Emeraude \u00e0 V\u00e9lo<\/strong> (qui est membre de la FUB*) rapelle l&rsquo;importance d&rsquo;un bon \u00e9quipement sur votre v\u00e9lo, pour bien voir et \u00eatre vu.<\/p>\n<p style=\"text-align: justify;\">L&rsquo;\u00e9clairage public donne le sentiment d&rsquo;\u00eatre vu, mais cela n&rsquo;est pas suffisant pour circuler en toute s\u00e9curit\u00e9. Il est essentiel de prendre conscience de la n\u00e9cessit\u00e9 de s&rsquo;\u00e9quiper d&rsquo;un bon \u00e9clairage.<\/p>\n<p style=\"text-align: justify;\">Souvent par m\u00e9connaissance, nous ne sommes pas en r\u00e8gle. <strong>Nous rendre visible \u00e0 v\u00e9lo, c&rsquo;est assurer notre propre s\u00e9curit\u00e9, mais c&rsquo;est \u00e9galement prot\u00e9ger les autres usagers de la route.<\/strong><\/p>\n<p>*F\u00e9d\u00e9ration des Usagers de la Bicyclette<\/p>\n<p>&nbsp;<\/p>\n<p>[\/et_pb_text][\/et_pb_column][et_pb_column type=\u00a0\u00bb1_4&Prime; _builder_version=\u00a0\u00bb4.23.4&Prime; _module_preset=\u00a0\u00bbdefault\u00a0\u00bb global_colors_info=\u00a0\u00bb{}\u00a0\u00bb][et_pb_image src=\u00a0\u00bbhttps:\/\/www.emeraude-velo.fr\/wp-content\/uploads\/equipement-scaled.jpg\u00a0\u00bb title_text=\u00a0\u00bbequipement\u00a0\u00bb show_in_lightbox=\u00a0\u00bbon\u00a0\u00bb _builder_version=\u00a0\u00bb4.24.0&Prime; _module_preset=\u00a0\u00bbdefault\u00a0\u00bb transform_origin=\u00a0\u00bb46%|0%\u00a0\u00bb animation_style=\u00a0\u00bbfade\u00a0\u00bb animation_duration=\u00a0\u00bb750ms\u00a0\u00bb border_radii=\u00a0\u00bbon|25px|25px|25px|25px\u00a0\u00bb border_width_all=\u00a0\u00bb3px\u00a0\u00bb border_color_all=\u00a0\u00bb#0e9cf4&Prime; box_shadow_style=\u00a0\u00bbpreset2&Prime; box_shadow_blur=\u00a0\u00bb26px\u00a0\u00bb box_shadow_spread=\u00a0\u00bb7px\u00a0\u00bb global_colors_info=\u00a0\u00bb{}\u00a0\u00bb][\/et_pb_image][\/et_pb_column][\/et_pb_row][et_pb_row column_structure=\u00a0\u00bb3_5,2_5&Prime; _builder_version=\u00a0\u00bb4.23.4&Prime; _module_preset=\u00a0\u00bbdefault\u00a0\u00bb global_colors_info=\u00a0\u00bb{}\u00a0\u00bb][et_pb_column type=\u00a0\u00bb3_5&Prime; _builder_version=\u00a0\u00bb4.23.4&Prime; _module_preset=\u00a0\u00bbdefault\u00a0\u00bb global_colors_info=\u00a0\u00bb{}\u00a0\u00bb][et_pb_blurb title=\u00a0\u00bbLa FUB \u00e9claire les choix des cyclistes\u00a0\u00bb use_icon=\u00a0\u00bbon\u00a0\u00bb font_icon=\u00a0\u00bb&#x41;||divi||400&Prime; image_icon_background_color=\u00a0\u00bbRGBA(255,255,255,0)\u00a0\u00bb icon_placement=\u00a0\u00bbleft\u00a0\u00bb image_icon_width=\u00a0\u00bb62px\u00a0\u00bb _builder_version=\u00a0\u00bb4.23.4&Prime; _module_preset=\u00a0\u00bbdefault\u00a0\u00bb header_level=\u00a0\u00bbh3&Prime; header_text_color=\u00a0\u00bb#FFFFFF\u00a0\u00bb background_enable_color=\u00a0\u00bboff\u00a0\u00bb image_icon_custom_margin=\u00a0\u00bb-17px|1px|-17px|1px|true|true\u00a0\u00bb transform_rotate=\u00a0\u00bb351deg|352deg|357deg\u00a0\u00bb header_text_shadow_style=\u00a0\u00bbpreset1&Prime; header_text_shadow_horizontal_length=\u00a0\u00bb0.04em\u00a0\u00bb header_text_shadow_vertical_length=\u00a0\u00bb0.12em\u00a0\u00bb header_text_shadow_blur_strength=\u00a0\u00bb0.32em\u00a0\u00bb header_text_shadow_color=\u00a0\u00bb#0e6ff7&Prime; border_radii_image=\u00a0\u00bbon|25px|25px|25px|25px\u00a0\u00bb border_color_all_image=\u00a0\u00bb#8300E9&Prime; text_shadow_style=\u00a0\u00bbpreset2&Prime; text_shadow_horizontal_length=\u00a0\u00bb-0.03em\u00a0\u00bb text_shadow_blur_strength=\u00a0\u00bb0.24em\u00a0\u00bb text_shadow_color=\u00a0\u00bbrgba(12,113,195,0.4)\u00a0\u00bb global_colors_info=\u00a0\u00bb{}\u00a0\u00bb][\/et_pb_blurb][et_pb_blurb title=\u00a0\u00bbUn v\u00e9lo doit \u00eatre \u00e9quip\u00e9, \u00e0 l&rsquo;avant d&rsquo;un \u00e9clairage blanc et, \u00e0 l&rsquo;arri\u00e8re, d&rsquo;un \u00e9clairage rouge\u00a0\u00bb use_icon=\u00a0\u00bbon\u00a0\u00bb font_icon=\u00a0\u00bb&#x39;||divi||400&Prime; icon_placement=\u00a0\u00bbleft\u00a0\u00bb image_icon_width=\u00a0\u00bb32px\u00a0\u00bb content_max_width=\u00a0\u00bb885px\u00a0\u00bb _builder_version=\u00a0\u00bb4.23.4&Prime; _module_preset=\u00a0\u00bbdefault\u00a0\u00bb header_text_align=\u00a0\u00bbleft\u00a0\u00bb header_text_color=\u00a0\u00bb#0d84e0&Prime; body_font=\u00a0\u00bbABeeZee||||||||\u00a0\u00bb body_text_align=\u00a0\u00bbleft\u00a0\u00bb image_icon_custom_margin=\u00a0\u00bb-6px||-6px||true|false\u00a0\u00bb module_alignment=\u00a0\u00bbleft\u00a0\u00bb custom_padding=\u00a0\u00bb37px|||||\u00a0\u00bb header_text_shadow_style=\u00a0\u00bbpreset3&Prime; border_radii_image=\u00a0\u00bbon|25px|25px|25px|25px\u00a0\u00bb global_colors_info=\u00a0\u00bb{}\u00a0\u00bb][\/et_pb_blurb][et_pb_blurb title=\u00a0\u00bbPour \u00eatre vu :\u00a0\u00bb use_icon=\u00a0\u00bbon\u00a0\u00bb font_icon=\u00a0\u00bb&#x5a;||divi||400&Prime; icon_placement=\u00a0\u00bbleft\u00a0\u00bb image_icon_width=\u00a0\u00bb32px\u00a0\u00bb content_max_width=\u00a0\u00bb885px\u00a0\u00bb _builder_version=\u00a0\u00bb4.23.4&Prime; _module_preset=\u00a0\u00bbdefault\u00a0\u00bb header_text_color=\u00a0\u00bb#0d84e0&Prime; body_font=\u00a0\u00bbABeeZee||||||||\u00a0\u00bb body_text_align=\u00a0\u00bbleft\u00a0\u00bb image_icon_custom_margin=\u00a0\u00bb-6px||-6px||true|false\u00a0\u00bb module_alignment=\u00a0\u00bbleft\u00a0\u00bb custom_margin=\u00a0\u00bb-40px||||false|false\u00a0\u00bb custom_padding=\u00a0\u00bb37px|||||\u00a0\u00bb header_text_shadow_style=\u00a0\u00bbpreset3&Prime; border_radii_image=\u00a0\u00bbon|25px|25px|25px|25px\u00a0\u00bb global_colors_info=\u00a0\u00bb{}\u00a0\u00bb]<\/p>\n<p style=\"text-align: justify;\"><span style=\"text-align: justify;\">Le minimum de puissance d&rsquo;\u00e9clairage avant doit \u00eatre de 10 lux \u00e0 10 m\u00e8tres. Cependant, cette puissance ne permet pas de bien voir la chauss\u00e9e.<\/span><\/p>\n<p>[\/et_pb_blurb][et_pb_blurb title=\u00a0\u00bbPour bien voir la chauss\u00e9e :\u00a0\u00bb use_icon=\u00a0\u00bbon\u00a0\u00bb font_icon=\u00a0\u00bb&#x5a;||divi||400&Prime; icon_placement=\u00a0\u00bbleft\u00a0\u00bb image_icon_width=\u00a0\u00bb32px\u00a0\u00bb content_max_width=\u00a0\u00bb885px\u00a0\u00bb _builder_version=\u00a0\u00bb4.23.4&Prime; _module_preset=\u00a0\u00bbdefault\u00a0\u00bb header_text_color=\u00a0\u00bb#0d84e0&Prime; body_font=\u00a0\u00bbABeeZee||||||||\u00a0\u00bb body_text_align=\u00a0\u00bbleft\u00a0\u00bb image_icon_custom_margin=\u00a0\u00bb-6px||-6px||true|false\u00a0\u00bb module_alignment=\u00a0\u00bbleft\u00a0\u00bb custom_margin=\u00a0\u00bb-40px||||false|false\u00a0\u00bb custom_padding=\u00a0\u00bb37px|||||\u00a0\u00bb header_text_shadow_style=\u00a0\u00bbpreset3&Prime; border_radii_image=\u00a0\u00bbon|25px|25px|25px|25px\u00a0\u00bb global_colors_info=\u00a0\u00bb{}\u00a0\u00bb]<\/p>\n<p style=\"text-align: justify;\">Un \u00e9clairage de 200 lux \u00e0 10 m\u00e8tres est pr\u00e9sonis\u00e9 et 20 lux \u00e0 15 m\u00e8tres. Plus on va vite plus il faut \u00e9clairer loin (particuli\u00e8rement en descente).<\/p>\n<p>[\/et_pb_blurb][et_pb_blurb title=\u00a0\u00bbPour un usage quotidien :\u00a0\u00bb use_icon=\u00a0\u00bbon\u00a0\u00bb font_icon=\u00a0\u00bb&#x5a;||divi||400&Prime; icon_placement=\u00a0\u00bbleft\u00a0\u00bb image_icon_width=\u00a0\u00bb32px\u00a0\u00bb content_max_width=\u00a0\u00bb885px\u00a0\u00bb _builder_version=\u00a0\u00bb4.23.4&Prime; _module_preset=\u00a0\u00bbdefault\u00a0\u00bb header_text_color=\u00a0\u00bb#0d84e0&Prime; body_font=\u00a0\u00bbABeeZee||||||||\u00a0\u00bb body_text_align=\u00a0\u00bbleft\u00a0\u00bb image_icon_custom_margin=\u00a0\u00bb-6px||-6px||true|false\u00a0\u00bb module_alignment=\u00a0\u00bbleft\u00a0\u00bb custom_margin=\u00a0\u00bb-40px||||false|false\u00a0\u00bb custom_padding=\u00a0\u00bb37px|||||\u00a0\u00bb header_text_shadow_style=\u00a0\u00bbpreset3&Prime; border_radii_image=\u00a0\u00bbon|25px|25px|25px|25px\u00a0\u00bb global_colors_info=\u00a0\u00bb{}\u00a0\u00bb]<\/p>\n<p style=\"text-align: justify;\">Choisissez un \u00e9clairage fixe car plus difficile \u00e0 voler et plus r\u00e9sistant dans le temps.<\/p>\n<p>[\/et_pb_blurb][et_pb_blurb title=\u00a0\u00bbPour ne pas d\u00e9pendre des batteries \u00e0 recharger :\u00a0\u00bb use_icon=\u00a0\u00bbon\u00a0\u00bb font_icon=\u00a0\u00bb&#x5a;||divi||400&Prime; icon_placement=\u00a0\u00bbleft\u00a0\u00bb image_icon_width=\u00a0\u00bb32px\u00a0\u00bb content_max_width=\u00a0\u00bb885px\u00a0\u00bb _builder_version=\u00a0\u00bb4.23.4&Prime; _module_preset=\u00a0\u00bbdefault\u00a0\u00bb header_text_color=\u00a0\u00bb#0d84e0&Prime; body_font=\u00a0\u00bbABeeZee||||||||\u00a0\u00bb body_text_align=\u00a0\u00bbleft\u00a0\u00bb image_icon_custom_margin=\u00a0\u00bb-6px||-6px||true|false\u00a0\u00bb module_alignment=\u00a0\u00bbleft\u00a0\u00bb custom_margin=\u00a0\u00bb-40px||21px||false|false\u00a0\u00bb custom_padding=\u00a0\u00bb37px|||||\u00a0\u00bb header_text_shadow_style=\u00a0\u00bbpreset3&Prime; border_radii_image=\u00a0\u00bbon|25px|25px|25px|25px\u00a0\u00bb global_colors_info=\u00a0\u00bb{}\u00a0\u00bb]<\/p>\n<p style=\"text-align: justify;\">privil\u00e9giez une dynamo de moyeu.<\/p>\n<p>[\/et_pb_blurb][et_pb_blurb title=\u00a0\u00bbUn bon \u00e9clairage est forc\u00e9ment un compromis entre la puissance d&rsquo;\u00e9clairage, l&rsquo;autonomie et le prix.\u00a0\u00bb use_icon=\u00a0\u00bbon\u00a0\u00bb font_icon=\u00a0\u00bb&#x39;||divi||400&Prime; icon_placement=\u00a0\u00bbleft\u00a0\u00bb image_icon_width=\u00a0\u00bb32px\u00a0\u00bb content_max_width=\u00a0\u00bb885px\u00a0\u00bb _builder_version=\u00a0\u00bb4.23.4&Prime; _module_preset=\u00a0\u00bbdefault\u00a0\u00bb header_text_align=\u00a0\u00bbleft\u00a0\u00bb header_text_color=\u00a0\u00bb#0d84e0&Prime; body_font=\u00a0\u00bbABeeZee||||||||\u00a0\u00bb body_text_align=\u00a0\u00bbleft\u00a0\u00bb image_icon_custom_margin=\u00a0\u00bb-6px||-6px||true|false\u00a0\u00bb module_alignment=\u00a0\u00bbleft\u00a0\u00bb custom_padding=\u00a0\u00bb37px|||||\u00a0\u00bb header_text_shadow_style=\u00a0\u00bbpreset3&Prime; border_radii_image=\u00a0\u00bbon|25px|25px|25px|25px\u00a0\u00bb global_colors_info=\u00a0\u00bb{}\u00a0\u00bb][\/et_pb_blurb][et_pb_text _builder_version=\u00a0\u00bb4.23.4&Prime; _module_preset=\u00a0\u00bbdefault\u00a0\u00bb global_colors_info=\u00a0\u00bb{}\u00a0\u00bb]<\/p>\n<p style=\"text-align: center;\">\n<p style=\"text-align: center;\">Avant de vous rendre en magasin, comparez et choisissez vos \u00e9clairages sur le site de la FUB en cliquant ci-dessous.<\/p>\n<p>[\/et_pb_text][et_pb_image src=\u00a0\u00bbhttps:\/\/www.emeraude-velo.fr\/wp-content\/uploads\/FUB.jpeg\u00a0\u00bb title_text=\u00a0\u00bbFUB\u00a0\u00bb url=\u00a0\u00bbhttps:\/\/www.fub.fr\/tests-eclairages\u00a0\u00bb url_new_window=\u00a0\u00bbon\u00a0\u00bb align=\u00a0\u00bbcenter\u00a0\u00bb _builder_version=\u00a0\u00bb4.24.0&Prime; _module_preset=\u00a0\u00bbdefault\u00a0\u00bb transform_translate_linked=\u00a0\u00bboff\u00a0\u00bb transform_rotate=\u00a0\u00bb2deg|358deg|357deg\u00a0\u00bb transform_origin=\u00a0\u00bb46%|0%\u00a0\u00bb animation_style=\u00a0\u00bbfade\u00a0\u00bb animation_duration=\u00a0\u00bb750ms\u00a0\u00bb border_radii=\u00a0\u00bbon|25px|25px|25px|25px\u00a0\u00bb border_width_all=\u00a0\u00bb3px\u00a0\u00bb border_color_all=\u00a0\u00bb#0e9cf4&Prime; box_shadow_style=\u00a0\u00bbpreset2&Prime; box_shadow_blur=\u00a0\u00bb26px\u00a0\u00bb box_shadow_spread=\u00a0\u00bb7px\u00a0\u00bb global_colors_info=\u00a0\u00bb{}\u00a0\u00bb][\/et_pb_image][\/et_pb_column][et_pb_column type=\u00a0\u00bb2_5&Prime; _builder_version=\u00a0\u00bb4.23.4&Prime; _module_preset=\u00a0\u00bbdefault\u00a0\u00bb global_colors_info=\u00a0\u00bb{}\u00a0\u00bb][et_pb_blurb title=\u00a0\u00bbLe vrai du faux sur l&rsquo;\u00e9clairage\u00a0\u00bb use_icon=\u00a0\u00bbon\u00a0\u00bb font_icon=\u00a0\u00bb&#x41;||divi||400&Prime; image_icon_background_color=\u00a0\u00bbRGBA(255,255,255,0)\u00a0\u00bb icon_placement=\u00a0\u00bbleft\u00a0\u00bb image_icon_width=\u00a0\u00bb62px\u00a0\u00bb _builder_version=\u00a0\u00bb4.23.4&Prime; _module_preset=\u00a0\u00bbdefault\u00a0\u00bb header_level=\u00a0\u00bbh3&Prime; header_text_color=\u00a0\u00bb#FFFFFF\u00a0\u00bb background_enable_color=\u00a0\u00bboff\u00a0\u00bb image_icon_custom_margin=\u00a0\u00bb-17px|1px|-17px|1px|true|true\u00a0\u00bb transform_rotate=\u00a0\u00bb351deg|352deg|357deg\u00a0\u00bb header_text_shadow_style=\u00a0\u00bbpreset1&Prime; header_text_shadow_horizontal_length=\u00a0\u00bb0.04em\u00a0\u00bb header_text_shadow_vertical_length=\u00a0\u00bb0.12em\u00a0\u00bb header_text_shadow_blur_strength=\u00a0\u00bb0.32em\u00a0\u00bb header_text_shadow_color=\u00a0\u00bb#0e6ff7&Prime; border_radii_image=\u00a0\u00bbon|25px|25px|25px|25px\u00a0\u00bb border_color_all_image=\u00a0\u00bb#8300E9&Prime; text_shadow_style=\u00a0\u00bbpreset2&Prime; text_shadow_horizontal_length=\u00a0\u00bb-0.03em\u00a0\u00bb text_shadow_blur_strength=\u00a0\u00bb0.24em\u00a0\u00bb text_shadow_color=\u00a0\u00bbrgba(12,113,195,0.4)\u00a0\u00bb global_colors_info=\u00a0\u00bb{}\u00a0\u00bb][\/et_pb_blurb][et_pb_accordion _builder_version=\u00a0\u00bb4.23.4&Prime; _module_preset=\u00a0\u00bbdefault\u00a0\u00bb global_colors_info=\u00a0\u00bb{}\u00a0\u00bb][et_pb_accordion_item title=\u00a0\u00bbQuestion 1 :\u00a0\u00bb open=\u00a0\u00bbon\u00a0\u00bb _builder_version=\u00a0\u00bb4.23.4&Prime; _module_preset=\u00a0\u00bbdefault\u00a0\u00bb global_colors_info=\u00a0\u00bb{}\u00a0\u00bb toggle_font=\u00a0\u00bb|700|||||||\u00a0\u00bb]<\/p>\n<p style=\"text-align: justify;\">Il est pr\u00e9f\u00e9rable de positionner l&rsquo;\u00e9clairage avant sur le garde-boue plut\u00f4t que sur le guidon.<\/p>\n<p>[\/et_pb_accordion_item][et_pb_accordion_item title=\u00a0\u00bbR\u00e9ponse\u00a0\u00bb _builder_version=\u00a0\u00bb4.23.4&Prime; _module_preset=\u00a0\u00bbdefault\u00a0\u00bb global_colors_info=\u00a0\u00bb{}\u00a0\u00bb open=\u00a0\u00bboff\u00a0\u00bb]<\/p>\n<p>FAUX<\/p>\n<p>Plus l&rsquo;\u00e9clairage est plac\u00e9 haut, moins il va \u00e9blouir et mieux il va cibler la route<\/p>\n<p>[\/et_pb_accordion_item][\/et_pb_accordion][et_pb_accordion _builder_version=\u00a0\u00bb4.23.4&Prime; _module_preset=\u00a0\u00bbdefault\u00a0\u00bb global_colors_info=\u00a0\u00bb{}\u00a0\u00bb][et_pb_accordion_item title=\u00a0\u00bbQuestion 2 :\u00a0\u00bb open=\u00a0\u00bbon\u00a0\u00bb open_toggle_background_color=\u00a0\u00bbRGBA(255,255,255,0)\u00a0\u00bb toggle_icon=\u00a0\u00bb&#x41;||divi||400&Prime; _builder_version=\u00a0\u00bb4.23.4&Prime; _module_preset=\u00a0\u00bbdefault\u00a0\u00bb global_colors_info=\u00a0\u00bb{}\u00a0\u00bb toggle_font=\u00a0\u00bb|700|||||||\u00a0\u00bb toggle_text_align=\u00a0\u00bbleft\u00a0\u00bb]<\/p>\n<p style=\"text-align: justify;\">Avec l&rsquo;\u00e9clairage urbain, l&rsquo;\u00e9clairage du v\u00e9lo est moins utile en ville qu&rsquo;en zone rurale.<\/p>\n<p>[\/et_pb_accordion_item][et_pb_accordion_item title=\u00a0\u00bbR\u00e9ponse\u00a0\u00bb _builder_version=\u00a0\u00bb4.23.4&Prime; _module_preset=\u00a0\u00bbdefault\u00a0\u00bb global_colors_info=\u00a0\u00bb{}\u00a0\u00bb open=\u00a0\u00bboff\u00a0\u00bb]<\/p>\n<p>FAUX<\/p>\n<p style=\"text-align: justify;\">En urbain, l&rsquo;\u00e9clairage public sur le sol est d&rsquo;environ 20 lux. Le cycliste voit et a la sensation d&rsquo;\u00eatre vu mais les phares des voitures arrivant en contre sens diminue cette visibilt\u00e9<\/p>\n<p>[\/et_pb_accordion_item][\/et_pb_accordion][et_pb_accordion _builder_version=\u00a0\u00bb4.23.4&Prime; _module_preset=\u00a0\u00bbdefault\u00a0\u00bb global_colors_info=\u00a0\u00bb{}\u00a0\u00bb][et_pb_accordion_item title=\u00a0\u00bbQuestion 3 :\u00a0\u00bb open=\u00a0\u00bbon\u00a0\u00bb open_toggle_background_color=\u00a0\u00bbRGBA(255,255,255,0)\u00a0\u00bb toggle_icon=\u00a0\u00bb&#x41;||divi||400&Prime; _builder_version=\u00a0\u00bb4.23.4&Prime; _module_preset=\u00a0\u00bbdefault\u00a0\u00bb global_colors_info=\u00a0\u00bb{}\u00a0\u00bb toggle_font=\u00a0\u00bb|700|||||||\u00a0\u00bb toggle_text_align=\u00a0\u00bbleft\u00a0\u00bb]<\/p>\n<p style=\"text-align: justify;\">Les \u00e9clairages performants sont chers et n&rsquo;ont pas beaucoup d&rsquo;autonomie.<\/p>\n<p>[\/et_pb_accordion_item][et_pb_accordion_item title=\u00a0\u00bbR\u00e9ponse\u00a0\u00bb _builder_version=\u00a0\u00bb4.23.4&Prime; _module_preset=\u00a0\u00bbdefault\u00a0\u00bb global_colors_info=\u00a0\u00bb{}\u00a0\u00bb open=\u00a0\u00bboff\u00a0\u00bb]<\/p>\n<p>FAUX<\/p>\n<p style=\"text-align: justify;\">Pour moins de 10\u20ac, un \u00e9clairage de 3 Watts arri\u00e8re permet d&rsquo;\u00eatre vu de jour comme de nuit avec une autonomie de plus de 10 heures. Par contre un bon \u00e9clairage avant est vendu autour de 40\u20ac.<\/p>\n<p>[\/et_pb_accordion_item][\/et_pb_accordion][et_pb_button button_url=\u00a0\u00bbhttps:\/\/www.emeraude-velo.fr\/wp-content\/uploads\/flyer-eclairage-2022-2_20221014.pdf\u00a0\u00bb url_new_window=\u00a0\u00bbon\u00a0\u00bb button_text=\u00a0\u00bbFlyer %22Cyclistes Brillez!\u00a0\u00bb button_alignment=\u00a0\u00bbcenter\u00a0\u00bb _builder_version=\u00a0\u00bb4.24.0&Prime; _module_preset=\u00a0\u00bbdefault\u00a0\u00bb custom_button=\u00a0\u00bbon\u00a0\u00bb button_text_color=\u00a0\u00bb#FFFFFF\u00a0\u00bb button_bg_color=\u00a0\u00bb#0C71C3&Prime; button_bg_use_color_gradient=\u00a0\u00bbon\u00a0\u00bb button_bg_color_gradient_type=\u00a0\u00bbelliptical\u00a0\u00bb button_bg_color_gradient_direction_radial=\u00a0\u00bbbottom\u00a0\u00bb button_bg_color_gradient_stops=\u00a0\u00bb#2b87da 28%|#29c4a9 83%\u00a0\u00bb button_border_color=\u00a0\u00bb#0C71C3&Prime; button_font=\u00a0\u00bb|600|||||||\u00a0\u00bb button_icon=\u00a0\u00bb&#x39;||divi||400&Prime; button_icon_placement=\u00a0\u00bbleft\u00a0\u00bb button_on_hover=\u00a0\u00bboff\u00a0\u00bb background_layout=\u00a0\u00bbdark\u00a0\u00bb animation_style=\u00a0\u00bbfade\u00a0\u00bb hover_enabled=\u00a0\u00bb0&Prime; button_text_shadow_style=\u00a0\u00bbpreset3&Prime; button_text_shadow_color=\u00a0\u00bb#0C71C3&Prime; box_shadow_style=\u00a0\u00bbpreset1&Prime; box_shadow_position=\u00a0\u00bbinner\u00a0\u00bb global_colors_info=\u00a0\u00bb{}\u00a0\u00bb theme_builder_area=\u00a0\u00bbpost_content\u00a0\u00bb sticky_enabled=\u00a0\u00bb0&Prime;][\/et_pb_button][\/et_pb_column][\/et_pb_row][\/et_pb_section]<\/p>\n","protected":false},"excerpt":{"rendered":"<p>Dinard Emeraude \u00e0 V\u00e9lo (qui est membre de la FUB*) rapelle l&rsquo;importance d&rsquo;un bon \u00e9quipement sur votre v\u00e9lo, pour bien voir et \u00eatre vu. L&rsquo;\u00e9clairage public donne le sentiment d&rsquo;\u00eatre vu, mais cela n&rsquo;est pas suffisant pour circuler en toute s\u00e9curit\u00e9. Il est essentiel de prendre conscience de la n\u00e9cessit\u00e9 de s&rsquo;\u00e9quiper d&rsquo;un bon \u00e9clairage. [&hellip;]<\/p>\n","protected":false},"author":2,"featured_media":0,"parent":401,"menu_order":0,"comment_status":"closed","ping_status":"closed","template":"","meta":{"_et_pb_use_builder":"on","_et_pb_old_content":"","_et_gb_content_width":"","footnotes":""},"class_list":["post-680","page","type-page","status-publish","hentry"],"_links":{"self":[{"href":"https:\/\/www.emeraude-velo.fr\/index.php\/wp-json\/wp\/v2\/pages\/680","targetHints":{"allow":["GET"]}}],"collection":[{"href":"https:\/\/www.emeraude-velo.fr\/index.php\/wp-json\/wp\/v2\/pages"}],"about":[{"href":"https:\/\/www.emeraude-velo.fr\/index.php\/wp-json\/wp\/v2\/types\/page"}],"author":[{"embeddable":true,"href":"https:\/\/www.emeraude-velo.fr\/index.php\/wp-json\/wp\/v2\/users\/2"}],"replies":[{"embeddable":true,"href":"https:\/\/www.emeraude-velo.fr\/index.php\/wp-json\/wp\/v2\/comments?post=680"}],"version-history":[{"count":8,"href":"https:\/\/www.emeraude-velo.fr\/index.php\/wp-json\/wp\/v2\/pages\/680\/revisions"}],"predecessor-version":[{"id":818,"href":"https:\/\/www.emeraude-velo.fr\/index.php\/wp-json\/wp\/v2\/pages\/680\/revisions\/818"}],"up":[{"embeddable":true,"href":"https:\/\/www.emeraude-velo.fr\/index.php\/wp-json\/wp\/v2\/pages\/401"}],"wp:attachment":[{"href":"https:\/\/www.emeraude-velo.fr\/index.php\/wp-json\/wp\/v2\/media?parent=680"}],"curies":[{"name":"wp","href":"https:\/\/api.w.org\/{rel}","templated":true}]}}